{"id":10,"date":"2023-03-01T17:45:06","date_gmt":"2023-03-01T16:45:06","guid":{"rendered":"https:\/\/animation-lechantducoeur.fr\/?page_id=10"},"modified":"2023-03-01T17:45:06","modified_gmt":"2023-03-01T16:45:06","slug":"landing-page","status":"publish","type":"page","link":"https:\/\/animation-lechantducoeur.fr\/index.php\/landing-page\/","title":{"rendered":"Landing Page"},"content":{"rendered":"<div id=\"sp-page\" class=\"spBgcover sp-content-1\" style=\"background-color: rgb(255, 255, 255); font-family: Inter, sans-serif; font-weight: 400;\">\n<section id=\"sp-r703ln\" data-mobile-visibility=\"#sp-r703ln|false\" data-desktop-visibility=\"#sp-r703ln|false\" class=\"sp-el-section \" style=\"width: 100%; max-width: 100%; padding: 10px;\">\n<pre data-mobile-css=\"\"><\/pre>\n<div id=\"sp-ztqo9u\" data-mobile-visibility=\"#sp-ztqo9u|false\" data-desktop-visibility=\"#sp-ztqo9u|false\" class=\"sp-el-row sm:sp-flex sp-w-full  sp-m-auto sp-justify-between\" style=\"padding: 0px; width: auto; max-width: 1000px;\">\n<pre data-mobile-css=\"\"><\/pre>\n<div id=\"sp-evcxt8\" data-mobile-visibility=\"#sp-evcxt8|false\" data-desktop-visibility=\"#sp-evcxt8|false\" class=\"sp-el-col  sp-w-full\" style=\"width: calc(100% + 0px);\">\n<pre data-mobile-css=\"\"><\/pre>\n<style type=\"text\/css\">\n        #sp-evcxt8 .sp-col-top .seedprod-shape-fill {fill: undefined;} #sp-evcxt8 .sp-col-top svg {width: undefined%;height: undefinedpx;transform: translateX(-50%);} #sp-evcxt8 .sp-col-bottom .seedprod-shape-fill {fill: undefined;} #sp-evcxt8 .sp-col-bottom svg {width: undefined%;height: undefinedpx;transform: translateX(-50%);}\n      <\/style>\n<div class=\"sp-col-shape sp-col-top\" style=\"z-index: 0;\">\n<div><\/div>\n<\/div>\n<div class=\"sp-col-shape sp-col-bottom\" style=\"z-index: 0;\">\n<div><\/div>\n<\/div>\n<figure id=\"sp-zbwp6z\" data-mobile-css=\"#sp-zbwp6z|text-align:center;\" class=\"sp-image-wrapper sp-el-block\" style=\"margin: 0px; text-align: center;\">\n<div><span><img decoding=\"async\" src=\"https:\/\/assets.seedprod.com\/5vd39f9p38bc88tq.png\" alt=\"\" width=\"\" height=\"\" data-mobile-visibility=\".sp-image-block-zbwp6z|false\" data-desktop-visibility=\".sp-image-block-zbwp6z|false\" class=\"sp-image-block-zbwp6z\"><\/span><\/div>\n<\/figure>\n<h1 id=\"sp-ia5viq\" data-mobile-css=\".sp-headline-block-ia5viq, #sp-ia5viq, #ia5viq|text-align:center;\" data-mobile-visibility=\".sp-headline-block-ia5viq|false\" data-desktop-visibility=\".sp-headline-block-ia5viq|false\" class=\"sp-css-target sp-el-block sp-headline-block-ia5viq sp-type-header\" style=\"font-size: 62px; text-align: center; margin: 0px;\">Site en maintenance<\/h1>\n<div id=\"sp-zgme3o\" data-mobile-css=\".sp-text-wrapper-zgme3o, #sp-zgme3o, #zgme3o|text-align:left;\" data-mobile-visibility=\".sp-text-wrapper-zgme3o|false\" data-desktop-visibility=\".sp-text-wrapper-zgme3o|false\" class=\"sp-css-target sp-text-wrapper sp-el-block sp-text-wrapper-zgme3o\" style=\"font-size: 18px; margin: 0px; text-align: center;\">\n<p>En attendant, merci de me contacter par t\u00e9l\u00e9phone ou via ma page Facebook.<\/p>\n<\/div>\n<div id=\"sp-pmbipr\" data-mobile-css=\"#sp-pmbipr|height:60px;\" class=\"sp-spacer\" style=\"height: 32px;\"><\/div>\n<div id=\"sp-button-parent-g0s21p\" data-mobile-css=\"#sp-button-parent-g0s21p|text-align:center;\" class=\"sp-button-wrapper sp-el-block\" style=\"margin: 0px; text-align: center;\"><a href=\"https:\/\/www.facebook.com\/LeChantduCoeuranimation\/\" id=\"sp-g0s21p\" data-mobile-css=\"\" data-mobile-visibility=\".sp-button-g0s21p|false\" data-desktop-visibility=\".sp-button-g0s21p|false\" target=\"\" rel=\"noopener\" class=\"sp-button sp-css-target sp-text-center sp-inline-block sp-leading-none sp-button-g0s21p\" style=\"font-size: 19px; background-color: rgb(255, 48, 118); color: rgb(255, 255, 255); width: auto; padding: 16px 30px; border-top-left-radius: 100px; border-top-right-radius: 100px; border-bottom-right-radius: 100px; border-bottom-left-radius: 100px;\"><i class=\"sp-mr-2 fab fa-facebook-f\"><\/i><span>Page Facebook<\/span><\/a><\/div>\n<div id=\"sp-t8hf8l\" data-mobile-css=\"#sp-t8hf8l|height:60px;\" class=\"sp-spacer\" style=\"height: 60px;\"><\/div>\n<div id=\"sp-kqmqtm\" data-mobile-css=\".sp-text-wrapper-kqmqtm, #sp-kqmqtm, #kqmqtm|text-align:left;\" data-mobile-visibility=\".sp-text-wrapper-kqmqtm|false\" data-desktop-visibility=\".sp-text-wrapper-kqmqtm|false\" class=\"sp-css-target sp-text-wrapper sp-el-block sp-text-wrapper-kqmqtm\" style=\"font-size: 18px; margin: 0px; text-align: left;\">\n<p style=\"text-align: center;\">Contact au 06 61 06 41 95<\/p>\n<\/div>\n<\/div>\n<\/div>\n<\/section>\n<\/div>\n","protected":false},"excerpt":{"rendered":"<p>Site en maintenance En attendant, merci de me contacter par t\u00e9l\u00e9phone ou via ma page Facebook. Page Facebook Contact au 06 61 06 41 95<\/p>\n","protected":false},"author":1,"featured_media":0,"parent":0,"menu_order":0,"comment_status":"closed","ping_status":"closed","template":"","meta":{"_mi_skip_tracking":false,"footnotes":""},"class_list":["post-10","page","type-page","status-publish"],"yoast_head":"<!-- This site is optimized with the Yoast SEO plugin v20.4 - https:\/\/yoast.com\/wordpress\/plugins\/seo\/ -->\n<title>Landing Page - Le Chant du Coeur, Animation de c\u00e9r\u00e9monies religieuses<\/title>\n<meta name=\"robots\" content=\"index, follow, max-snippet:-1, max-image-preview:large, max-video-preview:-1\" \/>\n<link rel=\"canonical\" href=\"https:\/\/animation-lechantducoeur.fr\/index.php\/landing-page\/\" \/>\n<meta property=\"og:locale\" content=\"fr_FR\" \/>\n<meta property=\"og:type\" content=\"article\" \/>\n<meta property=\"og:title\" content=\"Landing Page - Le Chant du Coeur, Animation de c\u00e9r\u00e9monies religieuses\" \/>\n<meta property=\"og:description\" content=\"Site en maintenance En attendant, merci de me contacter par t\u00e9l\u00e9phone ou via ma page Facebook. Page Facebook Contact au 06 61 06 41 95\" \/>\n<meta property=\"og:url\" content=\"https:\/\/animation-lechantducoeur.fr\/index.php\/landing-page\/\" \/>\n<meta property=\"og:site_name\" content=\"Le Chant du Coeur, Animation de c\u00e9r\u00e9monies religieuses\" \/>\n<meta property=\"article:publisher\" content=\"https:\/\/www.facebook.com\/LeChantduCoeuranimation\/\" \/>\n<meta name=\"twitter:card\" content=\"summary_large_image\" \/>\n<script type=\"application\/ld+json\" class=\"yoast-schema-graph\">{\"@context\":\"https:\/\/schema.org\",\"@graph\":[{\"@type\":\"WebPage\",\"@id\":\"https:\/\/animation-lechantducoeur.fr\/index.php\/landing-page\/\",\"url\":\"https:\/\/animation-lechantducoeur.fr\/index.php\/landing-page\/\",\"name\":\"Landing Page - Le Chant du Coeur, Animation de c\u00e9r\u00e9monies religieuses\",\"isPartOf\":{\"@id\":\"https:\/\/animation-lechantducoeur.fr\/#website\"},\"datePublished\":\"2023-03-01T16:45:06+00:00\",\"dateModified\":\"2023-03-01T16:45:06+00:00\",\"breadcrumb\":{\"@id\":\"https:\/\/animation-lechantducoeur.fr\/index.php\/landing-page\/#breadcrumb\"},\"inLanguage\":\"fr-FR\",\"potentialAction\":[{\"@type\":\"ReadAction\",\"target\":[\"https:\/\/animation-lechantducoeur.fr\/index.php\/landing-page\/\"]}]},{\"@type\":\"BreadcrumbList\",\"@id\":\"https:\/\/animation-lechantducoeur.fr\/index.php\/landing-page\/#breadcrumb\",\"itemListElement\":[{\"@type\":\"ListItem\",\"position\":1,\"name\":\"Accueil\",\"item\":\"https:\/\/animation-lechantducoeur.fr\/\"},{\"@type\":\"ListItem\",\"position\":2,\"name\":\"Nouvelle page (ID #10)\"}]},{\"@type\":\"WebSite\",\"@id\":\"https:\/\/animation-lechantducoeur.fr\/#website\",\"url\":\"https:\/\/animation-lechantducoeur.fr\/\",\"name\":\"Le Chant du Coeur, Animation de c\u00e9r\u00e9monies religieuses\",\"description\":\"Chanteuse animation c\u00e9r\u00e9monie religieuse\",\"publisher\":{\"@id\":\"https:\/\/animation-lechantducoeur.fr\/#organization\"},\"potentialAction\":[{\"@type\":\"SearchAction\",\"target\":{\"@type\":\"EntryPoint\",\"urlTemplate\":\"https:\/\/animation-lechantducoeur.fr\/?s={search_term_string}\"},\"query-input\":\"required name=search_term_string\"}],\"inLanguage\":\"fr-FR\"},{\"@type\":\"Organization\",\"@id\":\"https:\/\/animation-lechantducoeur.fr\/#organization\",\"name\":\"Le Chant du Coeur, Animation de c\u00e9r\u00e9monies religieuses\",\"url\":\"https:\/\/animation-lechantducoeur.fr\/\",\"logo\":{\"@type\":\"ImageObject\",\"inLanguage\":\"fr-FR\",\"@id\":\"https:\/\/animation-lechantducoeur.fr\/#\/schema\/logo\/image\/\",\"url\":\"https:\/\/animation-lechantducoeur.fr\/wp-content\/uploads\/2023\/03\/favicon-copie.jpg\",\"contentUrl\":\"https:\/\/animation-lechantducoeur.fr\/wp-content\/uploads\/2023\/03\/favicon-copie.jpg\",\"width\":512,\"height\":512,\"caption\":\"Le Chant du Coeur, Animation de c\u00e9r\u00e9monies religieuses\"},\"image\":{\"@id\":\"https:\/\/animation-lechantducoeur.fr\/#\/schema\/logo\/image\/\"},\"sameAs\":[\"https:\/\/www.facebook.com\/LeChantduCoeuranimation\/\"]}]}<\/script>\n<!-- \/ Yoast SEO plugin. -->","yoast_head_json":{"title":"Landing Page - Le Chant du Coeur, Animation de c\u00e9r\u00e9monies religieuses","robots":{"index":"index","follow":"follow","max-snippet":"max-snippet:-1","max-image-preview":"max-image-preview:large","max-video-preview":"max-video-preview:-1"},"canonical":"https:\/\/animation-lechantducoeur.fr\/index.php\/landing-page\/","og_locale":"fr_FR","og_type":"article","og_title":"Landing Page - Le Chant du Coeur, Animation de c\u00e9r\u00e9monies religieuses","og_description":"Site en maintenance En attendant, merci de me contacter par t\u00e9l\u00e9phone ou via ma page Facebook. Page Facebook Contact au 06 61 06 41 95","og_url":"https:\/\/animation-lechantducoeur.fr\/index.php\/landing-page\/","og_site_name":"Le Chant du Coeur, Animation de c\u00e9r\u00e9monies religieuses","article_publisher":"https:\/\/www.facebook.com\/LeChantduCoeuranimation\/","twitter_card":"summary_large_image","schema":{"@context":"https:\/\/schema.org","@graph":[{"@type":"WebPage","@id":"https:\/\/animation-lechantducoeur.fr\/index.php\/landing-page\/","url":"https:\/\/animation-lechantducoeur.fr\/index.php\/landing-page\/","name":"Landing Page - Le Chant du Coeur, Animation de c\u00e9r\u00e9monies religieuses","isPartOf":{"@id":"https:\/\/animation-lechantducoeur.fr\/#website"},"datePublished":"2023-03-01T16:45:06+00:00","dateModified":"2023-03-01T16:45:06+00:00","breadcrumb":{"@id":"https:\/\/animation-lechantducoeur.fr\/index.php\/landing-page\/#breadcrumb"},"inLanguage":"fr-FR","potentialAction":[{"@type":"ReadAction","target":["https:\/\/animation-lechantducoeur.fr\/index.php\/landing-page\/"]}]},{"@type":"BreadcrumbList","@id":"https:\/\/animation-lechantducoeur.fr\/index.php\/landing-page\/#breadcrumb","itemListElement":[{"@type":"ListItem","position":1,"name":"Accueil","item":"https:\/\/animation-lechantducoeur.fr\/"},{"@type":"ListItem","position":2,"name":"Nouvelle page (ID #10)"}]},{"@type":"WebSite","@id":"https:\/\/animation-lechantducoeur.fr\/#website","url":"https:\/\/animation-lechantducoeur.fr\/","name":"Le Chant du Coeur, Animation de c\u00e9r\u00e9monies religieuses","description":"Chanteuse animation c\u00e9r\u00e9monie religieuse","publisher":{"@id":"https:\/\/animation-lechantducoeur.fr\/#organization"},"potentialAction":[{"@type":"SearchAction","target":{"@type":"EntryPoint","urlTemplate":"https:\/\/animation-lechantducoeur.fr\/?s={search_term_string}"},"query-input":"required name=search_term_string"}],"inLanguage":"fr-FR"},{"@type":"Organization","@id":"https:\/\/animation-lechantducoeur.fr\/#organization","name":"Le Chant du Coeur, Animation de c\u00e9r\u00e9monies religieuses","url":"https:\/\/animation-lechantducoeur.fr\/","logo":{"@type":"ImageObject","inLanguage":"fr-FR","@id":"https:\/\/animation-lechantducoeur.fr\/#\/schema\/logo\/image\/","url":"https:\/\/animation-lechantducoeur.fr\/wp-content\/uploads\/2023\/03\/favicon-copie.jpg","contentUrl":"https:\/\/animation-lechantducoeur.fr\/wp-content\/uploads\/2023\/03\/favicon-copie.jpg","width":512,"height":512,"caption":"Le Chant du Coeur, Animation de c\u00e9r\u00e9monies religieuses"},"image":{"@id":"https:\/\/animation-lechantducoeur.fr\/#\/schema\/logo\/image\/"},"sameAs":["https:\/\/www.facebook.com\/LeChantduCoeuranimation\/"]}]}},"_links":{"self":[{"href":"https:\/\/animation-lechantducoeur.fr\/index.php\/wp-json\/wp\/v2\/pages\/10","targetHints":{"allow":["GET"]}}],"collection":[{"href":"https:\/\/animation-lechantducoeur.fr\/index.php\/wp-json\/wp\/v2\/pages"}],"about":[{"href":"https:\/\/animation-lechantducoeur.fr\/index.php\/wp-json\/wp\/v2\/types\/page"}],"author":[{"embeddable":true,"href":"https:\/\/animation-lechantducoeur.fr\/index.php\/wp-json\/wp\/v2\/users\/1"}],"replies":[{"embeddable":true,"href":"https:\/\/animation-lechantducoeur.fr\/index.php\/wp-json\/wp\/v2\/comments?post=10"}],"version-history":[{"count":3,"href":"https:\/\/animation-lechantducoeur.fr\/index.php\/wp-json\/wp\/v2\/pages\/10\/revisions"}],"predecessor-version":[{"id":13,"href":"https:\/\/animation-lechantducoeur.fr\/index.php\/wp-json\/wp\/v2\/pages\/10\/revisions\/13"}],"wp:attachment":[{"href":"https:\/\/animation-lechantducoeur.fr\/index.php\/wp-json\/wp\/v2\/media?parent=10"}],"curies":[{"name":"wp","href":"https:\/\/api.w.org\/{rel}","templated":true}]}}