{"id":3,"date":"2023-02-22T10:23:22","date_gmt":"2023-02-22T09:23:22","guid":{"rendered":"http:\/\/animation-lechantducoeur.fr\/?page_id=3"},"modified":"2023-03-30T21:10:08","modified_gmt":"2023-03-30T19:10:08","slug":"politique-de-confidentialite","status":"publish","type":"page","link":"https:\/\/animation-lechantducoeur.fr\/index.php\/politique-de-confidentialite\/","title":{"rendered":"Politique de confidentialit\u00e9"},"content":{"rendered":"\r\n<h3 class=\"wp-block-heading\"><strong>Politique de confidentialit\u00e9<\/strong><\/h3>\r\n<p>&nbsp;<\/p>\r\n<p><b>Introduction<\/b><\/p>\r\n<p>L\u2019adresse de notre site Web est\u00a0: https:\/\/animation-lechantducoeur.fr. Le site est amen\u00e9 \u00e0 collecter et \u00e0 traiter des informations dont certaines sont qualifi\u00e9es de \u00ab\u00a0donn\u00e9es personnelles\u00a0\u00bb. Nous respectons votre vie priv\u00e9e et n&rsquo;utilisons vos donn\u00e9es que pour une finalit\u00e9 pr\u00e9cise.<\/p>\r\n<p>&nbsp;<\/p>\r\n<p><strong>Utilisation des donn\u00e9es personnelles collect\u00e9es<\/strong><\/p>\r\n<p><strong>Sur le site www.animation-lechantducoeur.fr, il y a 2 types de\u00a0<\/strong><b>donn\u00e9es.<\/b><\/p>\r\n<p>Les donn\u00e9es transmises directement :<\/p>\r\n<p>Ces donn\u00e9es sont celles que vous nous transmettez directement, via les deux formulaires de contact ou par email. Sont obligatoires dans les formulaires de contact, les champs : \u00ab\u00a0Nom et pr\u00e9nom\u00a0\u00bb, \u00ab\u00a0email\u00a0\u00bb et \u00ab\u00a0t\u00e9l\u00e9phone\u00a0\u00bb.<\/p>\r\n<p>Les donn\u00e9es collect\u00e9es automatiquement :<\/p>\r\n<p>Lors de vos visites, une fois votre consentement donn\u00e9, nous pouvons recueillir des informations de type \u00ab\u00a0Web analytics\u00a0\u00bb relatives \u00e0 votre navigation, la dur\u00e9e de votre consultation, votre adresse IP, votre type et version de navigateur. La technologie utilis\u00e9e est le cookie.<\/p>\r\n<p>&nbsp;<\/p>\r\n<p><strong>Utilisation des donn\u00e9es<\/strong><\/p>\r\n<p>Les donn\u00e9es que vous nous transmettez directement sont utilis\u00e9es dans le but de vous re-contacter et\/ou dans le cadre de la demande que vous nous faites. Les donn\u00e9es \u00ab web analytics \u00bb sont collect\u00e9es de forme anonyme (en enregistrant des adresses IP anonymes) par Google Analytics, et nous permettent de mesurer l&rsquo;audience de notre site web, les consultations et les \u00e9ventuelles erreurs afin d\u2019am\u00e9liorer constamment l\u2019exp\u00e9rience des utilisateurs. Ces donn\u00e9es sont utilis\u00e9es par EI Caroline de la Rivi\u00e8re, responsable du traitement des donn\u00e9es, et ne seront jamais c\u00e9d\u00e9es \u00e0 un tiers ni utilis\u00e9es \u00e0 d\u2019autres fins que celles d\u00e9taill\u00e9es ci-dessus.<\/p>\r\n<p>&nbsp;<\/p>\r\n<p><strong>Base l\u00e9gale :<\/strong><\/p>\r\n<p>Les donn\u00e9es personnelles ne sont collect\u00e9es qu\u2019apr\u00e8s consentement obligatoire de l\u2019utilisateur. Ce consentement est valablement recueilli (boutons et cases \u00e0 cocher), libre, clair et sans \u00e9quivoque.<\/p>\r\n<p>&nbsp;<\/p>\r\n<p id=\"dur-e-de-conservation\"><strong>Dur\u00e9e de conservation<\/strong><\/p>\r\n<p>Les donn\u00e9es seront sauvegard\u00e9es durant une dur\u00e9e maximale de 3 ans.<\/p>\r\n<p>&nbsp;<\/p>\r\n<p><strong>Cookies<\/strong><\/p>\r\n<p>Voici la liste des cookies utilis\u00e9s et leur objectif :<\/p>\r\n<ul>\r\n<li>Cookies Google Analytics : Web abalytics<\/li>\r\n<\/ul>\r\n<p>&nbsp;<\/p>\r\n<p><strong>Contenu embarqu\u00e9 depuis d\u2019autres sites<\/strong><\/p>\r\n<p>Les articles de ce site peuvent inclure des contenus int\u00e9gr\u00e9s (par exemple des vid\u00e9os, images, articles\u2026). Le contenu int\u00e9gr\u00e9 depuis d\u2019autres sites se comporte de la m\u00eame mani\u00e8re que si le visiteur se rendait sur cet autre site.<\/p>\r\n<p>Ces sites web pourraient collecter des donn\u00e9es sur vous, utiliser des cookies, embarquer des outils de suivis tiers, suivre vos interactions avec ces contenus embarqu\u00e9s si vous disposez d\u2019un compte connect\u00e9 sur leur site web.<\/p>\r\n<p>&nbsp;<\/p>\r\n<p><strong>Vos droits concernant vos donn\u00e9es personnelles<\/strong><\/p>\r\n<p>Vous avez le droit de consultation, demande de modification ou d&rsquo;effacement sur l&rsquo;ensemble de vos donn\u00e9es personnelles. Vous pouvez \u00e9galement retirer votre consentement au traitement de vos donn\u00e9es.<\/p>\r\n<p>Vous pouvez en faire la demande par mail \u00e0 <a href=\"mailto:lechantducoeur.caroline@gmail.com\" data-auto-recognition=\"true\">lechantducoeur.caroline@gmail.com<\/a><\/p>\r\n<p>&nbsp;<\/p>\r\n<p><strong>Informations de contact<\/strong><\/p>\r\n<p>Caroline De le Rivi\u00e8re &#8211; 06 61 06 41 95 &#8211; <a href=\"mailto:lechantducoeur.caroline@gmail.com\" data-auto-recognition=\"true\">lechantducoeur.caroline@gmail.com<\/a><\/p>\r\n<p>&nbsp;<\/p>\r\n<p>&nbsp;<\/p>\r\n<p>&nbsp;<\/p>\r\n","protected":false},"excerpt":{"rendered":"<p>Politique de confidentialit\u00e9 &nbsp; Introduction L\u2019adresse de notre site Web est\u00a0: https:\/\/animation-lechantducoeur.fr. Le site est amen\u00e9 \u00e0 collecter et \u00e0 traiter des informations dont certaines sont qualifi\u00e9es de \u00ab\u00a0donn\u00e9es personnelles\u00a0\u00bb&#8230;.<\/p>\n","protected":false},"author":1,"featured_media":0,"parent":0,"menu_order":0,"comment_status":"closed","ping_status":"open","template":"","meta":{"_mi_skip_tracking":false,"footnotes":""},"class_list":["post-3","page","type-page","status-publish"],"yoast_head":"<!-- This site is optimized with the Yoast SEO plugin v20.4 - https:\/\/yoast.com\/wordpress\/plugins\/seo\/ -->\n<title>Politique de confidentialit\u00e9 - Le Chant du Coeur, Animation de c\u00e9r\u00e9monies religieuses<\/title>\n<meta name=\"robots\" content=\"index, follow, max-snippet:-1, max-image-preview:large, max-video-preview:-1\" \/>\n<link rel=\"canonical\" href=\"https:\/\/animation-lechantducoeur.fr\/index.php\/politique-de-confidentialite\/\" \/>\n<meta property=\"og:locale\" content=\"fr_FR\" \/>\n<meta property=\"og:type\" content=\"article\" \/>\n<meta property=\"og:title\" content=\"Politique de confidentialit\u00e9 - Le Chant du Coeur, Animation de c\u00e9r\u00e9monies religieuses\" \/>\n<meta property=\"og:description\" content=\"Politique de confidentialit\u00e9 &nbsp; Introduction L\u2019adresse de notre site Web est\u00a0: https:\/\/animation-lechantducoeur.fr. Le site est amen\u00e9 \u00e0 collecter et \u00e0 traiter des informations dont certaines sont qualifi\u00e9es de \u00ab\u00a0donn\u00e9es personnelles\u00a0\u00bb....\" \/>\n<meta property=\"og:url\" content=\"https:\/\/animation-lechantducoeur.fr\/index.php\/politique-de-confidentialite\/\" \/>\n<meta property=\"og:site_name\" content=\"Le Chant du Coeur, Animation de c\u00e9r\u00e9monies religieuses\" \/>\n<meta property=\"article:publisher\" content=\"https:\/\/www.facebook.com\/LeChantduCoeuranimation\/\" \/>\n<meta property=\"article:modified_time\" content=\"2023-03-30T19:10:08+00:00\" \/>\n<meta name=\"twitter:card\" content=\"summary_large_image\" \/>\n<meta name=\"twitter:label1\" content=\"Dur\u00e9e de lecture estim\u00e9e\" \/>\n\t<meta name=\"twitter:data1\" content=\"3 minutes\" \/>\n<script type=\"application\/ld+json\" class=\"yoast-schema-graph\">{\"@context\":\"https:\/\/schema.org\",\"@graph\":[{\"@type\":\"WebPage\",\"@id\":\"https:\/\/animation-lechantducoeur.fr\/index.php\/politique-de-confidentialite\/\",\"url\":\"https:\/\/animation-lechantducoeur.fr\/index.php\/politique-de-confidentialite\/\",\"name\":\"Politique de confidentialit\u00e9 - Le Chant du Coeur, Animation de c\u00e9r\u00e9monies religieuses\",\"isPartOf\":{\"@id\":\"https:\/\/animation-lechantducoeur.fr\/#website\"},\"datePublished\":\"2023-02-22T09:23:22+00:00\",\"dateModified\":\"2023-03-30T19:10:08+00:00\",\"breadcrumb\":{\"@id\":\"https:\/\/animation-lechantducoeur.fr\/index.php\/politique-de-confidentialite\/#breadcrumb\"},\"inLanguage\":\"fr-FR\",\"potentialAction\":[{\"@type\":\"ReadAction\",\"target\":[\"https:\/\/animation-lechantducoeur.fr\/index.php\/politique-de-confidentialite\/\"]}]},{\"@type\":\"BreadcrumbList\",\"@id\":\"https:\/\/animation-lechantducoeur.fr\/index.php\/politique-de-confidentialite\/#breadcrumb\",\"itemListElement\":[{\"@type\":\"ListItem\",\"position\":1,\"name\":\"Accueil\",\"item\":\"https:\/\/animation-lechantducoeur.fr\/\"},{\"@type\":\"ListItem\",\"position\":2,\"name\":\"Politique de confidentialit\u00e9\"}]},{\"@type\":\"WebSite\",\"@id\":\"https:\/\/animation-lechantducoeur.fr\/#website\",\"url\":\"https:\/\/animation-lechantducoeur.fr\/\",\"name\":\"Le Chant du Coeur, Animation de c\u00e9r\u00e9monies religieuses\",\"description\":\"Chanteuse animation c\u00e9r\u00e9monie religieuse\",\"publisher\":{\"@id\":\"https:\/\/animation-lechantducoeur.fr\/#organization\"},\"potentialAction\":[{\"@type\":\"SearchAction\",\"target\":{\"@type\":\"EntryPoint\",\"urlTemplate\":\"https:\/\/animation-lechantducoeur.fr\/?s={search_term_string}\"},\"query-input\":\"required name=search_term_string\"}],\"inLanguage\":\"fr-FR\"},{\"@type\":\"Organization\",\"@id\":\"https:\/\/animation-lechantducoeur.fr\/#organization\",\"name\":\"Le Chant du Coeur, Animation de c\u00e9r\u00e9monies religieuses\",\"url\":\"https:\/\/animation-lechantducoeur.fr\/\",\"logo\":{\"@type\":\"ImageObject\",\"inLanguage\":\"fr-FR\",\"@id\":\"https:\/\/animation-lechantducoeur.fr\/#\/schema\/logo\/image\/\",\"url\":\"https:\/\/animation-lechantducoeur.fr\/wp-content\/uploads\/2023\/03\/favicon-copie.jpg\",\"contentUrl\":\"https:\/\/animation-lechantducoeur.fr\/wp-content\/uploads\/2023\/03\/favicon-copie.jpg\",\"width\":512,\"height\":512,\"caption\":\"Le Chant du Coeur, Animation de c\u00e9r\u00e9monies religieuses\"},\"image\":{\"@id\":\"https:\/\/animation-lechantducoeur.fr\/#\/schema\/logo\/image\/\"},\"sameAs\":[\"https:\/\/www.facebook.com\/LeChantduCoeuranimation\/\"]}]}<\/script>\n<!-- \/ Yoast SEO plugin. -->","yoast_head_json":{"title":"Politique de confidentialit\u00e9 - Le Chant du Coeur, Animation de c\u00e9r\u00e9monies religieuses","robots":{"index":"index","follow":"follow","max-snippet":"max-snippet:-1","max-image-preview":"max-image-preview:large","max-video-preview":"max-video-preview:-1"},"canonical":"https:\/\/animation-lechantducoeur.fr\/index.php\/politique-de-confidentialite\/","og_locale":"fr_FR","og_type":"article","og_title":"Politique de confidentialit\u00e9 - Le Chant du Coeur, Animation de c\u00e9r\u00e9monies religieuses","og_description":"Politique de confidentialit\u00e9 &nbsp; Introduction L\u2019adresse de notre site Web est\u00a0: https:\/\/animation-lechantducoeur.fr. Le site est amen\u00e9 \u00e0 collecter et \u00e0 traiter des informations dont certaines sont qualifi\u00e9es de \u00ab\u00a0donn\u00e9es personnelles\u00a0\u00bb....","og_url":"https:\/\/animation-lechantducoeur.fr\/index.php\/politique-de-confidentialite\/","og_site_name":"Le Chant du Coeur, Animation de c\u00e9r\u00e9monies religieuses","article_publisher":"https:\/\/www.facebook.com\/LeChantduCoeuranimation\/","article_modified_time":"2023-03-30T19:10:08+00:00","twitter_card":"summary_large_image","twitter_misc":{"Dur\u00e9e de lecture estim\u00e9e":"3 minutes"},"schema":{"@context":"https:\/\/schema.org","@graph":[{"@type":"WebPage","@id":"https:\/\/animation-lechantducoeur.fr\/index.php\/politique-de-confidentialite\/","url":"https:\/\/animation-lechantducoeur.fr\/index.php\/politique-de-confidentialite\/","name":"Politique de confidentialit\u00e9 - Le Chant du Coeur, Animation de c\u00e9r\u00e9monies religieuses","isPartOf":{"@id":"https:\/\/animation-lechantducoeur.fr\/#website"},"datePublished":"2023-02-22T09:23:22+00:00","dateModified":"2023-03-30T19:10:08+00:00","breadcrumb":{"@id":"https:\/\/animation-lechantducoeur.fr\/index.php\/politique-de-confidentialite\/#breadcrumb"},"inLanguage":"fr-FR","potentialAction":[{"@type":"ReadAction","target":["https:\/\/animation-lechantducoeur.fr\/index.php\/politique-de-confidentialite\/"]}]},{"@type":"BreadcrumbList","@id":"https:\/\/animation-lechantducoeur.fr\/index.php\/politique-de-confidentialite\/#breadcrumb","itemListElement":[{"@type":"ListItem","position":1,"name":"Accueil","item":"https:\/\/animation-lechantducoeur.fr\/"},{"@type":"ListItem","position":2,"name":"Politique de confidentialit\u00e9"}]},{"@type":"WebSite","@id":"https:\/\/animation-lechantducoeur.fr\/#website","url":"https:\/\/animation-lechantducoeur.fr\/","name":"Le Chant du Coeur, Animation de c\u00e9r\u00e9monies religieuses","description":"Chanteuse animation c\u00e9r\u00e9monie religieuse","publisher":{"@id":"https:\/\/animation-lechantducoeur.fr\/#organization"},"potentialAction":[{"@type":"SearchAction","target":{"@type":"EntryPoint","urlTemplate":"https:\/\/animation-lechantducoeur.fr\/?s={search_term_string}"},"query-input":"required name=search_term_string"}],"inLanguage":"fr-FR"},{"@type":"Organization","@id":"https:\/\/animation-lechantducoeur.fr\/#organization","name":"Le Chant du Coeur, Animation de c\u00e9r\u00e9monies religieuses","url":"https:\/\/animation-lechantducoeur.fr\/","logo":{"@type":"ImageObject","inLanguage":"fr-FR","@id":"https:\/\/animation-lechantducoeur.fr\/#\/schema\/logo\/image\/","url":"https:\/\/animation-lechantducoeur.fr\/wp-content\/uploads\/2023\/03\/favicon-copie.jpg","contentUrl":"https:\/\/animation-lechantducoeur.fr\/wp-content\/uploads\/2023\/03\/favicon-copie.jpg","width":512,"height":512,"caption":"Le Chant du Coeur, Animation de c\u00e9r\u00e9monies religieuses"},"image":{"@id":"https:\/\/animation-lechantducoeur.fr\/#\/schema\/logo\/image\/"},"sameAs":["https:\/\/www.facebook.com\/LeChantduCoeuranimation\/"]}]}},"_links":{"self":[{"href":"https:\/\/animation-lechantducoeur.fr\/index.php\/wp-json\/wp\/v2\/pages\/3","targetHints":{"allow":["GET"]}}],"collection":[{"href":"https:\/\/animation-lechantducoeur.fr\/index.php\/wp-json\/wp\/v2\/pages"}],"about":[{"href":"https:\/\/animation-lechantducoeur.fr\/index.php\/wp-json\/wp\/v2\/types\/page"}],"author":[{"embeddable":true,"href":"https:\/\/animation-lechantducoeur.fr\/index.php\/wp-json\/wp\/v2\/users\/1"}],"replies":[{"embeddable":true,"href":"https:\/\/animation-lechantducoeur.fr\/index.php\/wp-json\/wp\/v2\/comments?post=3"}],"version-history":[{"count":1,"href":"https:\/\/animation-lechantducoeur.fr\/index.php\/wp-json\/wp\/v2\/pages\/3\/revisions"}],"predecessor-version":[{"id":107,"href":"https:\/\/animation-lechantducoeur.fr\/index.php\/wp-json\/wp\/v2\/pages\/3\/revisions\/107"}],"wp:attachment":[{"href":"https:\/\/animation-lechantducoeur.fr\/index.php\/wp-json\/wp\/v2\/media?parent=3"}],"curies":[{"name":"wp","href":"https:\/\/api.w.org\/{rel}","templated":true}]}}